{"id":3885,"date":"2024-10-08T11:27:00","date_gmt":"2024-10-08T09:27:00","guid":{"rendered":"https:\/\/bonsmenorca.com\/contactar-ahora\/"},"modified":"2024-11-12T13:48:31","modified_gmt":"2024-11-12T12:48:31","slug":"contactar-ara","status":"publish","type":"page","link":"https:\/\/bonsmenorca.com\/ca\/contactar-ara\/","title":{"rendered":"Contactar ara"},"content":{"rendered":"<div class=\"fusion-fullwidth fullwidth-box fusion-builder-row-1 fusion-flex-container has-pattern-background has-mask-background nonhundred-percent-fullwidth non-hundred-percent-height-scrolling fusion-animated\" style=\"--awb-background-position:left top;--awb-background-blend-mode:screen;--awb-border-sizes-top:0px;--awb-border-sizes-bottom:0px;--awb-border-sizes-left:0px;--awb-border-sizes-right:0px;--awb-border-radius-top-left:0px;--awb-border-radius-top-right:0px;--awb-border-radius-bottom-right:0px;--awb-border-radius-bottom-left:0px;--awb-padding-top:5vw;--awb-padding-right:0px;--awb-padding-bottom:5vw;--awb-padding-left:0px;--awb-padding-top-medium:0px;--awb-padding-bottom-medium:0px;--awb-padding-top-small:0px;--awb-margin-top:0px;--awb-margin-bottom:0px;--awb-background-color:var(--awb-color6);--awb-flex-wrap:wrap;\" data-animationType=\"fadeInUp\" data-animationDuration=\"1.3\" data-animationOffset=\"top-into-view\" ><div class=\"fusion-builder-row fusion-row fusion-flex-align-items-stretch fusion-flex-justify-content-center fusion-flex-content-wrap\" style=\"max-width:calc( 1300px + 0px );margin-left: calc(-0px \/ 2 );margin-right: calc(-0px \/ 2 );\"><div class=\"fusion-layout-column fusion_builder_column fusion-builder-column-0 fusion_builder_column_2_5 2_5 fusion-flex-column fusion-animated\" style=\"--awb-padding-right:51px;--awb-padding-left-small:35px;--awb-overflow:hidden;--awb-bg-position:center center;--awb-bg-blend:multiply;--awb-bg-size:cover;--awb-border-radius:9px 0px 0px 9px;--awb-width-large:40%;--awb-margin-top-large:27px;--awb-spacing-right-large:calc( 0.0575 * calc( 100% - 0 ) );--awb-margin-bottom-large:32px;--awb-spacing-left-large:0px;--awb-width-medium:100%;--awb-order-medium:0;--awb-spacing-right-medium:0px;--awb-spacing-left-medium:0px;--awb-width-small:100%;--awb-order-small:0;--awb-spacing-right-small:0px;--awb-spacing-left-small:0px;\" data-animationType=\"fadeInUp\" data-animationDuration=\"1.3\" data-animationOffset=\"top-into-view\" data-scroll-devices=\"small-visibility,medium-visibility,large-visibility\"><div class=\"fusion-column-wrapper fusion-column-has-shadow fusion-flex-justify-content-flex-start fusion-content-layout-column\"><div class=\"fusion-title title fusion-title-1 fusion-sep-none fusion-title-text fusion-title-size-one\" style=\"--awb-text-color:var(--awb-color5);--awb-margin-top-small:10px;--awb-margin-bottom-small:10px;\"><h1 class=\"fusion-title-heading title-heading-left\" style=\"margin:0;line-height:110%;\">Contactar ara<\/h1><\/div><div class=\"fusion-text fusion-text-1 fusion-text-no-margin\" style=\"--awb-font-size:var(--awb-typography4-font-size);--awb-line-height:var(--awb-typography4-line-height);--awb-letter-spacing:var(--awb-typography4-letter-spacing);--awb-text-transform:var(--awb-typography4-text-transform);--awb-text-color:var(--awb-color1);--awb-text-font-family:var(--awb-typography4-font-family);--awb-text-font-weight:var(--awb-typography4-font-weight);--awb-text-font-style:var(--awb-typography4-font-style);\"><div class=\"fusion-text fusion-text-1\">\n<p>Si tens algun dubte posat en contacte amb nosaltres a trav\u00e9s del formulari que li mostrem a continuaci\u00f3 al n\u00famero de tel\u00e8fon <a href=\"callto:871570100\">871 570 100<\/a>.<\/p>\n<\/div>\n<\/div><div class=\"fusion-image-element fusion-no-small-visibility\" style=\"--awb-max-width:300px;--awb-caption-title-font-family:var(--h2_typography-font-family);--awb-caption-title-font-weight:var(--h2_typography-font-weight);--awb-caption-title-font-style:var(--h2_typography-font-style);--awb-caption-title-size:var(--h2_typography-font-size);--awb-caption-title-transform:var(--h2_typography-text-transform);--awb-caption-title-line-height:var(--h2_typography-line-height);--awb-caption-title-letter-spacing:var(--h2_typography-letter-spacing);\"><span class=\" fusion-imageframe imageframe-none imageframe-1 hover-type-none\"><img decoding=\"async\" width=\"741\" height=\"1414\" title=\"foto-contacto\" src=\"https:\/\/bonsmenorca.com\/wp-content\/uploads\/2024\/10\/foto-contacto.png\" alt class=\"img-responsive wp-image-3570\" srcset=\"https:\/\/bonsmenorca.com\/wp-content\/uploads\/2024\/10\/foto-contacto-200x382.png 200w, https:\/\/bonsmenorca.com\/wp-content\/uploads\/2024\/10\/foto-contacto-400x763.png 400w, https:\/\/bonsmenorca.com\/wp-content\/uploads\/2024\/10\/foto-contacto-600x1145.png 600w, https:\/\/bonsmenorca.com\/wp-content\/uploads\/2024\/10\/foto-contacto.png 741w\" sizes=\"(max-width: 1024px) 100vw, (max-width: 640px) 100vw, 600px\" \/><\/span><\/div><\/div><\/div><div class=\"fusion-layout-column fusion_builder_column fusion-builder-column-1 fusion_builder_column_3_5 3_5 fusion-flex-column fusion-animated\" style=\"--awb-padding-top:3vw;--awb-padding-right:6vw;--awb-padding-bottom:4vw;--awb-padding-left:6vw;--awb-padding-top-small:0px;--awb-padding-right-small:30px;--awb-padding-bottom-small:12px;--awb-padding-left-small:30px;--awb-overflow:hidden;--awb-bg-color:var(--awb-color1);--awb-bg-color-hover:var(--awb-color1);--awb-bg-size:cover;--awb-border-radius:0px 9px 9px 0px;--awb-width-large:60%;--awb-margin-top-large:0px;--awb-spacing-right-large:0px;--awb-margin-bottom-large:0px;--awb-spacing-left-large:calc( 0.05 * calc( 100% - 0 ) );--awb-width-medium:100%;--awb-order-medium:0;--awb-spacing-right-medium:0px;--awb-spacing-left-medium:0px;--awb-width-small:100%;--awb-order-small:1;--awb-spacing-right-small:0px;--awb-spacing-left-small:0px;\" data-animationType=\"fadeInUp\" data-animationDuration=\"1.3\" data-animationOffset=\"top-into-view\" data-scroll-devices=\"small-visibility,medium-visibility,large-visibility\"><div class=\"fusion-column-wrapper fusion-column-has-shadow fusion-flex-justify-content-flex-start fusion-content-layout-column\"><script charset=\"utf-8\" type=\"text\/javascript\" src=\"\/\/js-eu1.hsforms.net\/forms\/embed\/v2.js\"><\/script>\n<script>\n  hbspt.forms.create({\n    portalId: \"145534434\",\n    formId: \"ea9ee659-5dc6-42b0-980e-442e6dd71905\"\n  });\n<\/script><\/div><\/div><\/div><\/div>\n","protected":false},"excerpt":{"rendered":"","protected":false},"author":1,"featured_media":0,"parent":0,"menu_order":0,"comment_status":"closed","ping_status":"closed","template":"100-width.php","meta":{"footnotes":""},"class_list":["post-3885","page","type-page","status-publish","hentry"],"yoast_head":"<!-- This site is optimized with the Yoast SEO plugin v26.4 - https:\/\/yoast.com\/wordpress\/plugins\/seo\/ -->\n<title>Contactar ara - Bons Menorca<\/title>\n<meta name=\"robots\" content=\"index, follow, max-snippet:-1, max-image-preview:large, max-video-preview:-1\" \/>\n<link rel=\"canonical\" href=\"https:\/\/bonsmenorca.com\/ca\/contactar-ara\/\" \/>\n<meta property=\"og:locale\" content=\"ca_ES\" \/>\n<meta property=\"og:type\" content=\"article\" \/>\n<meta property=\"og:title\" content=\"Contactar ara - Bons Menorca\" \/>\n<meta property=\"og:url\" content=\"https:\/\/bonsmenorca.com\/ca\/contactar-ara\/\" \/>\n<meta property=\"og:site_name\" content=\"Bons Menorca\" \/>\n<meta property=\"article:modified_time\" content=\"2024-11-12T12:48:31+00:00\" \/>\n<meta property=\"og:image\" content=\"https:\/\/bonsmenorca.com\/wp-content\/uploads\/2024\/10\/180x180.png\" \/>\n\t<meta property=\"og:image:width\" content=\"180\" \/>\n\t<meta property=\"og:image:height\" content=\"180\" \/>\n\t<meta property=\"og:image:type\" content=\"image\/png\" \/>\n<meta name=\"twitter:card\" content=\"summary_large_image\" \/>\n<meta name=\"twitter:label1\" content=\"Temps estimat de lectura\" \/>\n\t<meta name=\"twitter:data1\" content=\"1 minut\" \/>\n<script type=\"application\/ld+json\" class=\"yoast-schema-graph\">{\"@context\":\"https:\/\/schema.org\",\"@graph\":[{\"@type\":\"WebPage\",\"@id\":\"https:\/\/bonsmenorca.com\/ca\/contactar-ara\/\",\"url\":\"https:\/\/bonsmenorca.com\/ca\/contactar-ara\/\",\"name\":\"Contactar ara - Bons Menorca\",\"isPartOf\":{\"@id\":\"https:\/\/bonsmenorca.com\/ca\/#website\"},\"datePublished\":\"2024-10-08T09:27:00+00:00\",\"dateModified\":\"2024-11-12T12:48:31+00:00\",\"breadcrumb\":{\"@id\":\"https:\/\/bonsmenorca.com\/ca\/contactar-ara\/#breadcrumb\"},\"inLanguage\":\"ca\",\"potentialAction\":[{\"@type\":\"ReadAction\",\"target\":[\"https:\/\/bonsmenorca.com\/ca\/contactar-ara\/\"]}]},{\"@type\":\"BreadcrumbList\",\"@id\":\"https:\/\/bonsmenorca.com\/ca\/contactar-ara\/#breadcrumb\",\"itemListElement\":[{\"@type\":\"ListItem\",\"position\":1,\"name\":\"Portada\",\"item\":\"https:\/\/bonsmenorca.com\/ca\/\"},{\"@type\":\"ListItem\",\"position\":2,\"name\":\"Contactar ara\"}]},{\"@type\":\"WebSite\",\"@id\":\"https:\/\/bonsmenorca.com\/ca\/#website\",\"url\":\"https:\/\/bonsmenorca.com\/ca\/\",\"name\":\"Bons Menorca\",\"description\":\"\",\"publisher\":{\"@id\":\"https:\/\/bonsmenorca.com\/ca\/#organization\"},\"potentialAction\":[{\"@type\":\"SearchAction\",\"target\":{\"@type\":\"EntryPoint\",\"urlTemplate\":\"https:\/\/bonsmenorca.com\/ca\/?s={search_term_string}\"},\"query-input\":{\"@type\":\"PropertyValueSpecification\",\"valueRequired\":true,\"valueName\":\"search_term_string\"}}],\"inLanguage\":\"ca\"},{\"@type\":\"Organization\",\"@id\":\"https:\/\/bonsmenorca.com\/ca\/#organization\",\"name\":\"Bons Menorca\",\"url\":\"https:\/\/bonsmenorca.com\/ca\/\",\"logo\":{\"@type\":\"ImageObject\",\"inLanguage\":\"ca\",\"@id\":\"https:\/\/bonsmenorca.com\/ca\/#\/schema\/logo\/image\/\",\"url\":\"https:\/\/bonsmenorca.com\/wp-content\/uploads\/2025\/09\/logo-bons-menorca.png\",\"contentUrl\":\"https:\/\/bonsmenorca.com\/wp-content\/uploads\/2025\/09\/logo-bons-menorca.png\",\"width\":447,\"height\":352,\"caption\":\"Bons Menorca\"},\"image\":{\"@id\":\"https:\/\/bonsmenorca.com\/ca\/#\/schema\/logo\/image\/\"}}]}<\/script>\n<!-- \/ Yoast SEO plugin. -->","yoast_head_json":{"title":"Contactar ara - Bons Menorca","robots":{"index":"index","follow":"follow","max-snippet":"max-snippet:-1","max-image-preview":"max-image-preview:large","max-video-preview":"max-video-preview:-1"},"canonical":"https:\/\/bonsmenorca.com\/ca\/contactar-ara\/","og_locale":"ca_ES","og_type":"article","og_title":"Contactar ara - Bons Menorca","og_url":"https:\/\/bonsmenorca.com\/ca\/contactar-ara\/","og_site_name":"Bons Menorca","article_modified_time":"2024-11-12T12:48:31+00:00","og_image":[{"width":180,"height":180,"url":"https:\/\/bonsmenorca.com\/wp-content\/uploads\/2024\/10\/180x180.png","type":"image\/png"}],"twitter_card":"summary_large_image","twitter_misc":{"Temps estimat de lectura":"1 minut"},"schema":{"@context":"https:\/\/schema.org","@graph":[{"@type":"WebPage","@id":"https:\/\/bonsmenorca.com\/ca\/contactar-ara\/","url":"https:\/\/bonsmenorca.com\/ca\/contactar-ara\/","name":"Contactar ara - Bons Menorca","isPartOf":{"@id":"https:\/\/bonsmenorca.com\/ca\/#website"},"datePublished":"2024-10-08T09:27:00+00:00","dateModified":"2024-11-12T12:48:31+00:00","breadcrumb":{"@id":"https:\/\/bonsmenorca.com\/ca\/contactar-ara\/#breadcrumb"},"inLanguage":"ca","potentialAction":[{"@type":"ReadAction","target":["https:\/\/bonsmenorca.com\/ca\/contactar-ara\/"]}]},{"@type":"BreadcrumbList","@id":"https:\/\/bonsmenorca.com\/ca\/contactar-ara\/#breadcrumb","itemListElement":[{"@type":"ListItem","position":1,"name":"Portada","item":"https:\/\/bonsmenorca.com\/ca\/"},{"@type":"ListItem","position":2,"name":"Contactar ara"}]},{"@type":"WebSite","@id":"https:\/\/bonsmenorca.com\/ca\/#website","url":"https:\/\/bonsmenorca.com\/ca\/","name":"Bons Menorca","description":"","publisher":{"@id":"https:\/\/bonsmenorca.com\/ca\/#organization"},"potentialAction":[{"@type":"SearchAction","target":{"@type":"EntryPoint","urlTemplate":"https:\/\/bonsmenorca.com\/ca\/?s={search_term_string}"},"query-input":{"@type":"PropertyValueSpecification","valueRequired":true,"valueName":"search_term_string"}}],"inLanguage":"ca"},{"@type":"Organization","@id":"https:\/\/bonsmenorca.com\/ca\/#organization","name":"Bons Menorca","url":"https:\/\/bonsmenorca.com\/ca\/","logo":{"@type":"ImageObject","inLanguage":"ca","@id":"https:\/\/bonsmenorca.com\/ca\/#\/schema\/logo\/image\/","url":"https:\/\/bonsmenorca.com\/wp-content\/uploads\/2025\/09\/logo-bons-menorca.png","contentUrl":"https:\/\/bonsmenorca.com\/wp-content\/uploads\/2025\/09\/logo-bons-menorca.png","width":447,"height":352,"caption":"Bons Menorca"},"image":{"@id":"https:\/\/bonsmenorca.com\/ca\/#\/schema\/logo\/image\/"}}]}},"_links":{"self":[{"href":"https:\/\/bonsmenorca.com\/ca\/wp-json\/wp\/v2\/pages\/3885","targetHints":{"allow":["GET"]}}],"collection":[{"href":"https:\/\/bonsmenorca.com\/ca\/wp-json\/wp\/v2\/pages"}],"about":[{"href":"https:\/\/bonsmenorca.com\/ca\/wp-json\/wp\/v2\/types\/page"}],"author":[{"embeddable":true,"href":"https:\/\/bonsmenorca.com\/ca\/wp-json\/wp\/v2\/users\/1"}],"replies":[{"embeddable":true,"href":"https:\/\/bonsmenorca.com\/ca\/wp-json\/wp\/v2\/comments?post=3885"}],"version-history":[{"count":2,"href":"https:\/\/bonsmenorca.com\/ca\/wp-json\/wp\/v2\/pages\/3885\/revisions"}],"predecessor-version":[{"id":3887,"href":"https:\/\/bonsmenorca.com\/ca\/wp-json\/wp\/v2\/pages\/3885\/revisions\/3887"}],"wp:attachment":[{"href":"https:\/\/bonsmenorca.com\/ca\/wp-json\/wp\/v2\/media?parent=3885"}],"curies":[{"name":"wp","href":"https:\/\/api.w.org\/{rel}","templated":true}]}}